{"id":497,"date":"2018-10-19T07:10:36","date_gmt":"2018-10-19T07:10:36","guid":{"rendered":"https:\/\/www.brightpacking.com\/?page_id=497"},"modified":"2020-03-10T09:06:02","modified_gmt":"2020-03-10T09:06:02","slug":"die-cut-paper-lids","status":"publish","type":"page","link":"https:\/\/www.brightpacking.com\/fr\/die-cut-paper-lids\/","title":{"rendered":"Couvercles en papier d\u00e9coup\u00e9s"},"content":{"rendered":"<div class=\"fusion-fullwidth fullwidth-box fusion-builder-row-1 nonhundred-percent-fullwidth non-hundred-percent-height-scrolling\" style=\"--awb-border-radius-top-left:0px;--awb-border-radius-top-right:0px;--awb-border-radius-bottom-right:0px;--awb-border-radius-bottom-left:0px;--awb-flex-wrap:wrap;\" ><div class=\"fusion-builder-row fusion-row\"><div class=\"fusion-layout-column fusion_builder_column fusion-builder-column-0 fusion_builder_column_1_1 1_1 fusion-one-full fusion-column-first fusion-column-last\" style=\"--awb-bg-size:cover;\"><div class=\"fusion-column-wrapper fusion-flex-column-wrapper-legacy\"><style type=\"text\/css\">.fusion-portfolio-wrapper#fusion-portfolio-1 .fusion-portfolio-content{  text-align: left; }<\/style><div class=\"fusion-recent-works fusion-portfolio-element fusion-portfolio fusion-portfolio-1 fusion-portfolio-grid fusion-portfolio-paging-pagination fusion-portfolio-three fusion-portfolio-unboxed fusion-portfolio-text fusion-portfolio-rollover\" data-id=\"-rw-1\" data-columns=\"three\"><div><ul class=\"fusion-filters\" role=\"menu\" aria-label=\"Portfolio Filters\"><li role=\"presentation\" class=\"fusion-filter fusion-filter-all fusion-active\"><a href=\"#\" data-filter=\"*\" role=\"menuitem\">All<\/a><\/li><li role=\"presentation\" class=\"fusion-filter fusion-hidden\"><a href=\"#\" data-filter=\".die-cut-paper-lids\" role=\"menuitem\">Die-cut paper lids<\/a><\/li><\/ul><\/div><style type=\"text\/css\">.fusion-portfolio-1 .fusion-portfolio-wrapper .fusion-col-spacing{padding:10px;}<\/style><div class=\"fusion-portfolio-wrapper\" id=\"fusion-portfolio-1\" data-picturesize=\"auto\" data-pages=\"1\" style=\"margin:-10px;\"><article id=\"portfolio-1-post-362\" class=\"fusion-portfolio-post confectioney-snacks die-cut-lids die-cut-paper-lids dry-food-ingredient fusion-col-spacing post-362\"><div class=\"fusion-portfolio-content-wrapper\" style=\"border:none;\"><span class=\"vcard rich-snippet-hidden\"><span class=\"fn\"><a href=\"https:\/\/www.brightpacking.com\/fr\/author\/brightpacking\/\" title=\"Articles par brightpacking\" rel=\"author\">brightpacking<\/a><\/span><\/span><span class=\"updated rich-snippet-hidden\">2020-03-05T09:28:37+00:00<\/span><div  class=\"fusion-image-wrapper\" aria-haspopup=\"true\">\n\t\t\t\t<img decoding=\"async\" width=\"750\" height=\"750\" src=\"https:\/\/www.brightpacking.com\/wp-content\/uploads\/2018\/09\/Die-cut-paper-lids-1.jpg\" class=\"attachment-full size-full lazyload wp-post-image\" alt=\"Die cut paper lids (1)\" srcset=\"data:image\/svg+xml,%3Csvg%20xmlns%3D%27http%3A%2F%2Fwww.w3.org%2F2000%2Fsvg%27%20width%3D%27750%27%20height%3D%27750%27%20viewBox%3D%270%200%20750%20750%27%3E%3Crect%20width%3D%27750%27%20height%3D%27750%27%20fill-opacity%3D%220%22%2F%3E%3C%2Fsvg%3E\" data-orig-src=\"https:\/\/www.brightpacking.com\/wp-content\/uploads\/2018\/09\/Die-cut-paper-lids-1.jpg\" data-srcset=\"https:\/\/www.brightpacking.com\/wp-content\/uploads\/2018\/09\/Die-cut-paper-lids-1-200x200.jpg 200w, https:\/\/www.brightpacking.com\/wp-content\/uploads\/2018\/09\/Die-cut-paper-lids-1-400x400.jpg 400w, https:\/\/www.brightpacking.com\/wp-content\/uploads\/2018\/09\/Die-cut-paper-lids-1-600x600.jpg 600w, https:\/\/www.brightpacking.com\/wp-content\/uploads\/2018\/09\/Die-cut-paper-lids-1.jpg 750w\" data-sizes=\"auto\" \/><div class=\"fusion-rollover\">\n\t<div class=\"fusion-rollover-content\">\n\n\t\t\t\t\t\t\t\t\t\t\t\t\t\t<a class=\"fusion-rollover-link\" href=\"https:\/\/www.brightpacking.com\/fr\/product\/die-cut-paper-lids\/\">Die-cut Paper Lids<\/a>\n\t\t\t\n\t\t\t\t\t\t\t\t\t\t\t\t\t\t\n\t\t\t\t\t\t\t\t\n\t\t\t\t\t\t\t\t\t\t\t\t\t<div class=\"fusion-rollover-sep\"><\/div>\n\t\t\t\t\n\t\t\t\t\t\t\t\t\t\t\t\t\t\t\t\t\t\t<a class=\"fusion-rollover-gallery\" href=\"https:\/\/www.brightpacking.com\/wp-content\/uploads\/2018\/09\/Die-cut-paper-lids-1.jpg\" data-options=\"\" data-id=\"362\" data-rel=\"iLightbox[gallery-rw-1]\" data-title=\"Die cut paper lids (1)\" data-caption=\"\">\n\t\t\t\t\t\tGallery\t\t\t\t\t<\/a>\n\t\t\t\t\t\t\t\t\t\t\t\t\t\t\n\t\t\n\t\t\t\t\t\t\t\t\t\t\t\t<h4 class=\"fusion-rollover-title\">\n\t\t\t\t\t<a class=\"fusion-rollover-title-link\" href=\"https:\/\/www.brightpacking.com\/fr\/product\/die-cut-paper-lids\/\">\n\t\t\t\t\t\tDie-cut Paper Lids\t\t\t\t\t<\/a>\n\t\t\t\t<\/h4>\n\t\t\t\n\t\t\t\t\t\t\t\t\t\t<div class=\"fusion-rollover-categories\"><a href=\"https:\/\/www.brightpacking.com\/fr\/product-categories\/confectioney-snacks\/\" rel=\"tag\">Confectioney &amp; Snacks<\/a>, <a href=\"https:\/\/www.brightpacking.com\/fr\/product-categories\/die-cut-lids\/\" rel=\"tag\">Die-cut Lids<\/a>, <a href=\"https:\/\/www.brightpacking.com\/fr\/product-categories\/die-cut-paper-lids\/\" rel=\"tag\">Die-cut paper lids<\/a>, <a href=\"https:\/\/www.brightpacking.com\/fr\/product-categories\/dry-food-ingredient\/\" rel=\"tag\">Dry food &amp; Ingredient<\/a><\/div>\t\t\t\t\t\n\t\t\n\t\t\t\t\t\t<a class=\"fusion-link-wrapper\" href=\"https:\/\/www.brightpacking.com\/fr\/product\/die-cut-paper-lids\/\" aria-label=\"Die-cut Paper Lids\"><\/a>\n\t<\/div>\n<\/div>\n<\/div>\n<div class=\"fusion-portfolio-content\"><h2 class=\"entry-title fusion-post-title\"><a href=\"https:\/\/www.brightpacking.com\/fr\/product\/die-cut-paper-lids\/\">Die-cut Paper Lids<\/a><\/h2><div class=\"fusion-post-content\"><\/div><\/div><\/div><\/article><\/div><\/div><div class=\"fusion-clearfix\"><\/div><\/div><\/div><\/div><\/div>\n","protected":false},"excerpt":{"rendered":"","protected":false},"author":1,"featured_media":245,"parent":0,"menu_order":0,"comment_status":"closed","ping_status":"closed","template":"","meta":{"footnotes":""},"class_list":["post-497","page","type-page","status-publish","has-post-thumbnail","hentry"],"yoast_head":"<!-- This site is optimized with the Yoast SEO plugin v27.5 - https:\/\/yoast.com\/product\/yoast-seo-wordpress\/ -->\n<title>Die-cut paper lids - Brightpacking<\/title>\n<meta name=\"description\" content=\"We provide customed printed paper lids for instant cup noodles. The lid can seal Paper cup ,PP cups and Foam Cups. MOQ:200,000PCS\" \/>\n<meta name=\"robots\" content=\"index, follow, max-snippet:-1, max-image-preview:large, max-video-preview:-1\" \/>\n<link rel=\"canonical\" href=\"https:\/\/www.brightpacking.com\/fr\/die-cut-paper-lids\/\" \/>\n<meta property=\"og:locale\" content=\"fr_FR\" \/>\n<meta property=\"og:type\" content=\"article\" \/>\n<meta property=\"og:title\" content=\"Die-cut paper lids - Brightpacking\" \/>\n<meta property=\"og:description\" content=\"We provide customed printed paper lids for instant cup noodles. The lid can seal Paper cup ,PP cups and Foam Cups. MOQ:200,000PCS\" \/>\n<meta property=\"og:url\" content=\"https:\/\/www.brightpacking.com\/fr\/die-cut-paper-lids\/\" \/>\n<meta property=\"og:site_name\" content=\"Brightpacking\" \/>\n<meta property=\"article:publisher\" content=\"https:\/\/www.facebook.com\/brightpacking\" \/>\n<meta property=\"article:modified_time\" content=\"2020-03-10T09:06:02+00:00\" \/>\n<meta property=\"og:image\" content=\"https:\/\/www.brightpacking.com\/wp-content\/uploads\/2018\/09\/Die-cut-paper-lids-1.jpg\" \/>\n\t<meta property=\"og:image:width\" content=\"750\" \/>\n\t<meta property=\"og:image:height\" content=\"750\" \/>\n\t<meta property=\"og:image:type\" content=\"image\/jpeg\" \/>\n<meta name=\"twitter:card\" content=\"summary_large_image\" \/>\n<meta name=\"twitter:label1\" content=\"Dur\u00e9e de lecture estim\u00e9e\" \/>\n\t<meta name=\"twitter:data1\" content=\"1 minute\" \/>\n<script type=\"application\/ld+json\" class=\"yoast-schema-graph\">{\"@context\":\"https:\\\/\\\/schema.org\",\"@graph\":[{\"@type\":\"WebPage\",\"@id\":\"https:\\\/\\\/www.brightpacking.com\\\/die-cut-paper-lids\\\/\",\"url\":\"https:\\\/\\\/www.brightpacking.com\\\/die-cut-paper-lids\\\/\",\"name\":\"Die-cut paper lids - Brightpacking\",\"isPartOf\":{\"@id\":\"https:\\\/\\\/www.brightpacking.com\\\/#website\"},\"primaryImageOfPage\":{\"@id\":\"https:\\\/\\\/www.brightpacking.com\\\/die-cut-paper-lids\\\/#primaryimage\"},\"image\":{\"@id\":\"https:\\\/\\\/www.brightpacking.com\\\/die-cut-paper-lids\\\/#primaryimage\"},\"thumbnailUrl\":\"https:\\\/\\\/www.brightpacking.com\\\/wp-content\\\/uploads\\\/2018\\\/09\\\/Die-cut-paper-lids-1.jpg\",\"datePublished\":\"2018-10-19T07:10:36+00:00\",\"dateModified\":\"2020-03-10T09:06:02+00:00\",\"description\":\"We provide customed printed paper lids for instant cup noodles. The lid can seal Paper cup ,PP cups and Foam Cups. MOQ:200,000PCS\",\"breadcrumb\":{\"@id\":\"https:\\\/\\\/www.brightpacking.com\\\/die-cut-paper-lids\\\/#breadcrumb\"},\"inLanguage\":\"fr-FR\",\"potentialAction\":[{\"@type\":\"ReadAction\",\"target\":[\"https:\\\/\\\/www.brightpacking.com\\\/die-cut-paper-lids\\\/\"]}]},{\"@type\":\"ImageObject\",\"inLanguage\":\"fr-FR\",\"@id\":\"https:\\\/\\\/www.brightpacking.com\\\/die-cut-paper-lids\\\/#primaryimage\",\"url\":\"https:\\\/\\\/www.brightpacking.com\\\/wp-content\\\/uploads\\\/2018\\\/09\\\/Die-cut-paper-lids-1.jpg\",\"contentUrl\":\"https:\\\/\\\/www.brightpacking.com\\\/wp-content\\\/uploads\\\/2018\\\/09\\\/Die-cut-paper-lids-1.jpg\",\"width\":750,\"height\":750,\"caption\":\"Die cut paper lids (1)\"},{\"@type\":\"BreadcrumbList\",\"@id\":\"https:\\\/\\\/www.brightpacking.com\\\/die-cut-paper-lids\\\/#breadcrumb\",\"itemListElement\":[{\"@type\":\"ListItem\",\"position\":1,\"name\":\"Home\",\"item\":\"https:\\\/\\\/www.brightpacking.com\\\/\"},{\"@type\":\"ListItem\",\"position\":2,\"name\":\"Die-cut paper lids\"}]},{\"@type\":\"WebSite\",\"@id\":\"https:\\\/\\\/www.brightpacking.com\\\/#website\",\"url\":\"https:\\\/\\\/www.brightpacking.com\\\/\",\"name\":\"Brightpacking\",\"description\":\"\",\"publisher\":{\"@id\":\"https:\\\/\\\/www.brightpacking.com\\\/#organization\"},\"potentialAction\":[{\"@type\":\"SearchAction\",\"target\":{\"@type\":\"EntryPoint\",\"urlTemplate\":\"https:\\\/\\\/www.brightpacking.com\\\/?s={search_term_string}\"},\"query-input\":{\"@type\":\"PropertyValueSpecification\",\"valueRequired\":true,\"valueName\":\"search_term_string\"}}],\"inLanguage\":\"fr-FR\"},{\"@type\":[\"Organization\",\"Place\",\"Corporation\"],\"@id\":\"https:\\\/\\\/www.brightpacking.com\\\/#organization\",\"name\":\"Kunshan Bright Packing Co.,Ltd.\",\"url\":\"https:\\\/\\\/www.brightpacking.com\\\/\",\"logo\":{\"@id\":\"https:\\\/\\\/www.brightpacking.com\\\/die-cut-paper-lids\\\/#local-main-organization-logo\"},\"image\":{\"@id\":\"https:\\\/\\\/www.brightpacking.com\\\/die-cut-paper-lids\\\/#local-main-organization-logo\"},\"sameAs\":[\"https:\\\/\\\/www.facebook.com\\\/brightpacking\",\"https:\\\/\\\/www.linkedin.com\\\/company\\\/10061612\"],\"address\":{\"@id\":\"https:\\\/\\\/www.brightpacking.com\\\/die-cut-paper-lids\\\/#local-main-place-address\"},\"telephone\":[\"008651250195309\"],\"openingHoursSpecification\":[{\"@type\":\"OpeningHoursSpecification\",\"dayOfWeek\":[\"Monday\",\"Tuesday\",\"Wednesday\",\"Thursday\",\"Friday\",\"Saturday\",\"Sunday\"],\"opens\":\"09:00\",\"closes\":\"17:00\"}],\"email\":\"sales@brightpacking.com\",\"faxNumber\":\"Kunshan Bright Packing Co.,Ltd\"},{\"@type\":\"PostalAddress\",\"@id\":\"https:\\\/\\\/www.brightpacking.com\\\/die-cut-paper-lids\\\/#local-main-place-address\",\"streetAddress\":\"Zhonghang Intl Mansion, NO.579 Qianjin E Rd\",\"addressLocality\":\"KUNSHAN\",\"postalCode\":\"215334\",\"addressRegion\":\"JIANGSU\",\"addressCountry\":\"CN\"},{\"@type\":\"ImageObject\",\"inLanguage\":\"fr-FR\",\"@id\":\"https:\\\/\\\/www.brightpacking.com\\\/die-cut-paper-lids\\\/#local-main-organization-logo\",\"url\":\"https:\\\/\\\/www.brightpacking.com\\\/wp-content\\\/uploads\\\/2018\\\/09\\\/bright-packing-logo.png\",\"contentUrl\":\"https:\\\/\\\/www.brightpacking.com\\\/wp-content\\\/uploads\\\/2018\\\/09\\\/bright-packing-logo.png\",\"width\":151,\"height\":88,\"caption\":\"Kunshan Bright Packing Co.,Ltd.\"}]}<\/script>\n<meta name=\"geo.placename\" content=\"KUNSHAN\" \/>\n<meta name=\"geo.region\" content=\"Chine\" \/>\n<!-- \/ Yoast SEO plugin. -->","yoast_head_json":{"title":"Couvercles en papier d\u00e9coup\u00e9s - Brightpacking","description":"Nous fournissons des couvercles en papier imprim\u00e9s personnalis\u00e9s pour les nouilles instantan\u00e9es. Le couvercle peut sceller les gobelets en papier, les gobelets en PP et les gobelets en mousse. Quantit\u00e9 minimale de commande\u00a0:\u00a0200\u00a0000\u00a0pi\u00e8ces","robots":{"index":"index","follow":"follow","max-snippet":"max-snippet:-1","max-image-preview":"max-image-preview:large","max-video-preview":"max-video-preview:-1"},"canonical":"https:\/\/www.brightpacking.com\/fr\/die-cut-paper-lids\/","og_locale":"fr_FR","og_type":"article","og_title":"Die-cut paper lids - Brightpacking","og_description":"We provide customed printed paper lids for instant cup noodles. The lid can seal Paper cup ,PP cups and Foam Cups. MOQ:200,000PCS","og_url":"https:\/\/www.brightpacking.com\/fr\/die-cut-paper-lids\/","og_site_name":"Brightpacking","article_publisher":"https:\/\/www.facebook.com\/brightpacking","article_modified_time":"2020-03-10T09:06:02+00:00","og_image":[{"width":750,"height":750,"url":"https:\/\/www.brightpacking.com\/wp-content\/uploads\/2018\/09\/Die-cut-paper-lids-1.jpg","type":"image\/jpeg"}],"twitter_card":"summary_large_image","twitter_misc":{"Dur\u00e9e de lecture estim\u00e9e":"1 minute"},"schema":{"@context":"https:\/\/schema.org","@graph":[{"@type":"WebPage","@id":"https:\/\/www.brightpacking.com\/die-cut-paper-lids\/","url":"https:\/\/www.brightpacking.com\/die-cut-paper-lids\/","name":"Couvercles en papier d\u00e9coup\u00e9s - Brightpacking","isPartOf":{"@id":"https:\/\/www.brightpacking.com\/#website"},"primaryImageOfPage":{"@id":"https:\/\/www.brightpacking.com\/die-cut-paper-lids\/#primaryimage"},"image":{"@id":"https:\/\/www.brightpacking.com\/die-cut-paper-lids\/#primaryimage"},"thumbnailUrl":"https:\/\/www.brightpacking.com\/wp-content\/uploads\/2018\/09\/Die-cut-paper-lids-1.jpg","datePublished":"2018-10-19T07:10:36+00:00","dateModified":"2020-03-10T09:06:02+00:00","description":"Nous fournissons des couvercles en papier imprim\u00e9s personnalis\u00e9s pour les nouilles instantan\u00e9es. Le couvercle peut sceller les gobelets en papier, les gobelets en PP et les gobelets en mousse. Quantit\u00e9 minimale de commande\u00a0:\u00a0200\u00a0000\u00a0pi\u00e8ces","breadcrumb":{"@id":"https:\/\/www.brightpacking.com\/die-cut-paper-lids\/#breadcrumb"},"inLanguage":"fr-FR","potentialAction":[{"@type":"ReadAction","target":["https:\/\/www.brightpacking.com\/die-cut-paper-lids\/"]}]},{"@type":"ImageObject","inLanguage":"fr-FR","@id":"https:\/\/www.brightpacking.com\/die-cut-paper-lids\/#primaryimage","url":"https:\/\/www.brightpacking.com\/wp-content\/uploads\/2018\/09\/Die-cut-paper-lids-1.jpg","contentUrl":"https:\/\/www.brightpacking.com\/wp-content\/uploads\/2018\/09\/Die-cut-paper-lids-1.jpg","width":750,"height":750,"caption":"Die cut paper lids (1)"},{"@type":"BreadcrumbList","@id":"https:\/\/www.brightpacking.com\/die-cut-paper-lids\/#breadcrumb","itemListElement":[{"@type":"ListItem","position":1,"name":"Home","item":"https:\/\/www.brightpacking.com\/"},{"@type":"ListItem","position":2,"name":"Die-cut paper lids"}]},{"@type":"WebSite","@id":"https:\/\/www.brightpacking.com\/#website","url":"https:\/\/www.brightpacking.com\/","name":"Emballage lumineux","description":"","publisher":{"@id":"https:\/\/www.brightpacking.com\/#organization"},"potentialAction":[{"@type":"SearchAction","target":{"@type":"EntryPoint","urlTemplate":"https:\/\/www.brightpacking.com\/?s={search_term_string}"},"query-input":{"@type":"PropertyValueSpecification","valueRequired":true,"valueName":"search_term_string"}}],"inLanguage":"fr-FR"},{"@type":["Organization","Place","Corporation"],"@id":"https:\/\/www.brightpacking.com\/#organization","name":"Kunshan Bright Packing Co., Ltd.","url":"https:\/\/www.brightpacking.com\/","logo":{"@id":"https:\/\/www.brightpacking.com\/die-cut-paper-lids\/#local-main-organization-logo"},"image":{"@id":"https:\/\/www.brightpacking.com\/die-cut-paper-lids\/#local-main-organization-logo"},"sameAs":["https:\/\/www.facebook.com\/brightpacking","https:\/\/www.linkedin.com\/company\/10061612"],"address":{"@id":"https:\/\/www.brightpacking.com\/die-cut-paper-lids\/#local-main-place-address"},"telephone":["008651250195309"],"openingHoursSpecification":[{"@type":"OpeningHoursSpecification","dayOfWeek":["Monday","Tuesday","Wednesday","Thursday","Friday","Saturday","Sunday"],"opens":"09:00","closes":"17:00"}],"email":"sales@brightpacking.com","faxNumber":"Kunshan Bright Packing Co.,Ltd"},{"@type":"PostalAddress","@id":"https:\/\/www.brightpacking.com\/die-cut-paper-lids\/#local-main-place-address","streetAddress":"Zhonghang Intl Mansion, NO.579 Qianjin E Rd","addressLocality":"KUNSHAN","postalCode":"215334","addressRegion":"JIANGSU","addressCountry":"CN"},{"@type":"ImageObject","inLanguage":"fr-FR","@id":"https:\/\/www.brightpacking.com\/die-cut-paper-lids\/#local-main-organization-logo","url":"https:\/\/www.brightpacking.com\/wp-content\/uploads\/2018\/09\/bright-packing-logo.png","contentUrl":"https:\/\/www.brightpacking.com\/wp-content\/uploads\/2018\/09\/bright-packing-logo.png","width":151,"height":88,"caption":"Kunshan Bright Packing Co.,Ltd."}]},"geo.placename":"KUNSHAN","geo.region":"Chine"},"_links":{"self":[{"href":"https:\/\/www.brightpacking.com\/fr\/wp-json\/wp\/v2\/pages\/497","targetHints":{"allow":["GET"]}}],"collection":[{"href":"https:\/\/www.brightpacking.com\/fr\/wp-json\/wp\/v2\/pages"}],"about":[{"href":"https:\/\/www.brightpacking.com\/fr\/wp-json\/wp\/v2\/types\/page"}],"author":[{"embeddable":true,"href":"https:\/\/www.brightpacking.com\/fr\/wp-json\/wp\/v2\/users\/1"}],"replies":[{"embeddable":true,"href":"https:\/\/www.brightpacking.com\/fr\/wp-json\/wp\/v2\/comments?post=497"}],"version-history":[{"count":0,"href":"https:\/\/www.brightpacking.com\/fr\/wp-json\/wp\/v2\/pages\/497\/revisions"}],"wp:featuredmedia":[{"embeddable":true,"href":"https:\/\/www.brightpacking.com\/fr\/wp-json\/wp\/v2\/media\/245"}],"wp:attachment":[{"href":"https:\/\/www.brightpacking.com\/fr\/wp-json\/wp\/v2\/media?parent=497"}],"curies":[{"name":"wp","href":"https:\/\/api.w.org\/{rel}","templated":true}]}}